{"id":226,"date":"2022-01-03T22:48:43","date_gmt":"2022-01-03T22:48:43","guid":{"rendered":"https:\/\/creemllar.com\/aviso-legal\/"},"modified":"2022-01-03T22:52:03","modified_gmt":"2022-01-03T22:52:03","slug":"avis-juridique","status":"publish","type":"page","link":"https:\/\/creemllar.com\/fr\/avis-juridique\/","title":{"rendered":"Avis juridique"},"content":{"rendered":"<p>AVIS JURIDIQUE<\/p>\n<p>OBJET ET ACCEPTATION<\/p>\n<p>Cet avis juridique r\u00e9git l&rsquo;utilisation du site Web www.creemllar.com (ci-apr\u00e8s, LE WEB), propri\u00e9t\u00e9 de CREEM LLAR, SL (ci-apr\u00e8s, LE PROPRI\u00c9TAIRE DU WEB).<\/p>\n<p>La navigation sur le site Web du PROPRI\u00c9TAIRE DU WEB attribue la condition d&rsquo;utilisateur de celui-ci et implique l&rsquo;acceptation pleine et sans r\u00e9serve de chacune des dispositions incluses dans le pr\u00e9sent avis juridique, qui peut \u00eatre modifi\u00e9e.<\/p>\n<p>L&rsquo;utilisateur s&rsquo;engage \u00e0 faire un usage correct du site Web conform\u00e9ment aux lois, \u00e0 la bonne foi, \u00e0 l&rsquo;ordre public, aux usages du trafic et au pr\u00e9sent avis juridique. L&rsquo;utilisateur r\u00e9pondra au PROPRI\u00c9TAIRE DU WEB ou \u00e0 des tiers, pour tout dommage qui pourrait \u00eatre caus\u00e9 \u00e0 la suite de la violation de ladite obligation.<\/p>\n<p>IDENTIFICATION ET COMMUNICATION<\/p>\n<p>LE PROPRI\u00c9TAIRE DU WEB, conform\u00e9ment \u00e0 la loi 34\/2002 du 11 juillet sur les services de la soci\u00e9t\u00e9 de l&rsquo;information et du commerce \u00e9lectronique, vous informe que\u00a0:<\/p>\n<p>Sa raison sociale est : CREEM LLAR, SL<br \/>\nSon NIF est : B55342174.<br \/>\nSon si\u00e8ge social est situ\u00e9 \u00e0 : C. HORTES, 34 &#8211; 17600 FIGUERES &#8211; (GIRONA)<\/p>\n<p>Pour communiquer avec nous, nous mettons \u00e0 votre disposition diff\u00e9rents moyens de contact que nous d\u00e9taillons ci-dessous :<\/p>\n<p>T\u00e9l\u00e9phone : 972 68 48 96<br \/>\nCourriel : info@creemllar.com<\/p>\n<p>Toutes les notifications et communications entre les utilisateurs et LE PROPRI\u00c9TAIRE DU WEB seront consid\u00e9r\u00e9es comme effectives, \u00e0 toutes fins utiles, lorsqu&rsquo;elles sont effectu\u00e9es par courrier postal ou par tout autre moyen d\u00e9taill\u00e9 ci-dessus.<\/p>\n<ol start=\"2\">\n<li>CONDITIONS D&rsquo;ACC\u00c8S ET D&rsquo;UTILISATION\n<p>Le site et ses services sont en acc\u00e8s libre et gratuit, cependant, LE PROPRI\u00c9TAIRE DU WEB conditionne l&rsquo;utilisation de certains des services propos\u00e9s sur son site \u00e0 la r\u00e9alisation pr\u00e9alable du formulaire correspondant.<\/p>\n<p>L&rsquo;utilisateur garantit l&rsquo;authenticit\u00e9 et l&rsquo;actualit\u00e9 de toutes les donn\u00e9es qu&rsquo;il communique au PROPRI\u00c9TAIRE DU WEB et sera seul responsable de toute d\u00e9claration fausse ou inexacte.<\/p>\n<p>L&rsquo;utilisateur s&rsquo;engage express\u00e9ment \u00e0 faire un usage appropri\u00e9 des contenus et services du PROPRI\u00c9TAIRE DU WEB et \u00e0 ne pas les utiliser pour, entre autres :<br \/>\na) Diffuser des contenus criminels, violents, pornographiques, racistes, x\u00e9nophobes, offensants, d&rsquo;apologie du terrorisme ou, en g\u00e9n\u00e9ral, contraires \u00e0 la loi ou \u00e0 l&rsquo;ordre public.<br \/>\nb) Introduire des virus informatiques dans le r\u00e9seau ou effectuer des actions susceptibles d&rsquo;alt\u00e9rer, d&rsquo;alt\u00e9rer, d&rsquo;interrompre ou de g\u00e9n\u00e9rer des erreurs ou des dommages aux documents \u00e9lectroniques, aux donn\u00e9es ou aux syst\u00e8mes physiques et logiques du PROPRI\u00c9TAIRE DU WEB ou de tiers, ainsi que d&rsquo;entraver l&rsquo;acc\u00e8s de autres utilisateurs au site Web et \u00e0 ses services par la consommation massive de ressources informatiques \u00e0 travers lesquelles LE PROPRI\u00c9TAIRE DU WEB fournit ses services.<br \/>\nc) Tenter d&rsquo;acc\u00e9der aux comptes de messagerie d&rsquo;autres utilisateurs ou aux zones restreintes des syst\u00e8mes informatiques du PROPRI\u00c9TAIRE DU WEB ou de tiers et, le cas \u00e9ch\u00e9ant, extraire des informations.<br \/>\nd) Violer les droits de propri\u00e9t\u00e9 intellectuelle ou industrielle, ainsi que violer la confidentialit\u00e9 des informations du PROPRI\u00c9TAIRE DU WEB ou de tiers.<br \/>\ne) usurper l&rsquo;identit\u00e9 d&rsquo;un autre utilisateur, des administrations publiques ou d&rsquo;un tiers.<br \/>\nf) Reproduire, copier, distribuer, mettre \u00e0 disposition ou de toute autre mani\u00e8re communiquer publiquement, transformer ou modifier le contenu, \u00e0 moins que les droits correspondants ne soient autoris\u00e9s par le propri\u00e9taire ou que cela soit l\u00e9galement autoris\u00e9.<br \/>\ng) Recueillir des donn\u00e9es \u00e0 des fins publicitaires et envoyer des publicit\u00e9s de toute nature et des communications \u00e0 des fins de vente ou \u00e0 d&rsquo;autres fins commerciales sans demande ni consentement pr\u00e9alable.<\/p>\n<p>Tous les contenus du site Web, tels que textes, photographies, graphiques, images, ic\u00f4nes, technologies, logiciels, ainsi que sa conception graphique et ses codes sources, constituent une \u0153uvre dont la propri\u00e9t\u00e9 appartient au PROPRI\u00c9TAIRE DU WEB, sans \u00eatre entendu n&rsquo;ont \u00e9t\u00e9 c\u00e9d\u00e9s \u00e0 l&rsquo;utilisateur aucun des droits d&rsquo;exploitation sur ceux-ci au-del\u00e0 de ce qui est strictement n\u00e9cessaire pour l&rsquo;utilisation correcte du Web.<\/p>\n<p>En d\u00e9finitive, les utilisateurs qui acc\u00e8dent \u00e0 ce site peuvent visualiser le contenu et effectuer, le cas \u00e9ch\u00e9ant, des copies priv\u00e9es autoris\u00e9es \u00e0 condition que les \u00e9l\u00e9ments reproduits ne soient pas ult\u00e9rieurement c\u00e9d\u00e9s \u00e0 des tiers, ni install\u00e9s sur des serveurs connect\u00e9s \u00e0 des r\u00e9seaux, ni soumis \u00e0 aucune d&rsquo;exploitation.<\/p>\n<p>De m\u00eame, toutes les marques, noms commerciaux ou signes distinctifs de toute nature qui apparaissent sur le site Web sont la propri\u00e9t\u00e9 du PROPRI\u00c9TAIRE DU WEB, sans qu&rsquo;il soit entendu que l&rsquo;utilisation ou l&rsquo;acc\u00e8s \u00e0 celui-ci conf\u00e8re \u00e0 l&rsquo;utilisateur un droit sur eux.<\/p>\n<p>La distribution, la modification, le transfert ou la communication publique du contenu et tout autre acte qui n&rsquo;a pas \u00e9t\u00e9 express\u00e9ment autoris\u00e9 par le propri\u00e9taire des droits d&rsquo;exploitation sont interdits.<\/p>\n<p>L&rsquo;\u00e9tablissement d&rsquo;un lien hypertexte n&rsquo;implique en aucun cas l&rsquo;existence de relations entre LE PROPRI\u00c9TAIRE DU WEB et le propri\u00e9taire du site Web sur lequel il est \u00e9tabli, ni l&rsquo;acceptation et l&rsquo;approbation par le PROPRI\u00c9TAIRE DU WEB de ses contenus ou services. Ceux qui ont l&rsquo;intention d&rsquo;\u00e9tablir un lien hypertexte doivent pr\u00e9alablement demander l&rsquo;autorisation \u00e9crite du PROPRI\u00c9TAIRE DU WEB. Dans tous les cas, le lien hypertexte permettra uniquement l&rsquo;acc\u00e8s \u00e0 la page d&rsquo;accueil ou \u00e0 la page d&rsquo;accueil de notre site Web, et doit \u00e9galement s&rsquo;abstenir de faire des d\u00e9clarations ou des indications fausses, inexactes ou incorrectes sur LE PROPRI\u00c9TAIRE DU WEB, ou inclure un contenu ill\u00e9gal, contraire \u00e0 bonnes mani\u00e8res et ordre public.<\/p>\n<p>LE PROPRI\u00c9TAIRE DU WEB n&rsquo;est pas responsable de l&rsquo;utilisation que chaque utilisateur donne aux mat\u00e9riaux mis \u00e0 disposition sur ce site Web ou des actions effectu\u00e9es sur leur base.<\/li>\n<\/ol>\n<ol start=\"3\">\n<li>EXCLUSION DE GARANTIES ET DE RESPONSABILIT\u00c9S\n<p>Le contenu de ce site Web est de nature g\u00e9n\u00e9rale et est uniquement \u00e0 des fins d&rsquo;information, sans garantir pleinement l&rsquo;acc\u00e8s \u00e0 tout le contenu, ni son exhaustivit\u00e9, son exactitude, sa validit\u00e9 ou son actualit\u00e9, ni son ad\u00e9quation ou son utilit\u00e9 \u00e0 un usage sp\u00e9cifique.<\/p>\n<p>LE PROPRI\u00c9TAIRE DU SITE WEB exclut, dans la mesure o\u00f9 le syst\u00e8me juridique le permet, toute responsabilit\u00e9 pour les dommages de toute nature r\u00e9sultant de :<\/p>\n<p>a) L&rsquo;impossibilit\u00e9 d&rsquo;acc\u00e9der au site Web ou le manque de v\u00e9racit\u00e9, d&rsquo;exactitude, d&rsquo;exhaustivit\u00e9 et \/ ou d&rsquo;actualit\u00e9 du contenu, ainsi que l&rsquo;existence de vices et d\u00e9fauts de toutes sortes de contenus transmis, diffus\u00e9s, stock\u00e9s, mis \u00e0 la disposition de Ceux qui ont \u00e9t\u00e9 consult\u00e9s via le site Web ou les services offerts.<br \/>\nb) La pr\u00e9sence de virus ou d&rsquo;autres \u00e9l\u00e9ments dans le contenu pouvant entra\u00eener des alt\u00e9rations des syst\u00e8mes informatiques, des documents \u00e9lectroniques ou des donn\u00e9es des utilisateurs.<br \/>\nc) Non-respect des lois, de la bonne foi, de l&rsquo;ordre public, des usages du trafic et de la pr\u00e9sente notice l\u00e9gale en raison d&rsquo;une utilisation incorrecte du site Web. En particulier, et \u00e0 titre d&rsquo;exemple, LE PROPRI\u00c9TAIRE DU WEB n&rsquo;est pas responsable des actions de tiers qui violent les droits de propri\u00e9t\u00e9 intellectuelle et industrielle, les secrets d&rsquo;affaires, les droits \u00e0 l&rsquo;honneur, \u00e0 la vie priv\u00e9e et familiale et \u00e0 l&rsquo;image elle-m\u00eame, ainsi que la r\u00e9glementation sur la concurrence d\u00e9loyale et la publicit\u00e9 ill\u00e9gale.<\/p>\n<p>De m\u00eame, LE PROPRI\u00c9TAIRE DU WEB d\u00e9cline toute responsabilit\u00e9 concernant les informations qui se trouvent en dehors de ce site Web et non g\u00e9r\u00e9es directement par notre webmaster. La fonction des liens qui apparaissent sur ce site Web est exclusivement d&rsquo;informer l&rsquo;utilisateur de l&rsquo;existence d&rsquo;autres sources capables d&rsquo;\u00e9tendre le contenu offert par ce site Web. LE PROPRI\u00c9TAIRE DU WEB ne garantit ni n&rsquo;assume la responsabilit\u00e9 du fonctionnement ou de l&rsquo;accessibilit\u00e9 des sites li\u00e9s, ni ne sugg\u00e8re, n&rsquo;invite ou ne recommande une visite, de sorte qu&rsquo;il ne sera pas responsable du r\u00e9sultat obtenu. LE PROPRI\u00c9TAIRE DU WEB n&rsquo;est pas responsable de la mise en place d&rsquo;hyperliens par des tiers.<\/li>\n<\/ol>\n<ol start=\"4\">\n<li>POLITIQUE DE CONFIDENTIALIT\u00c9\n<p>Lorsque nous avons besoin d&rsquo;obtenir des informations de votre part, nous vous demanderons toujours de nous les fournir express\u00e9ment et volontairement. Les donn\u00e9es collect\u00e9es via les formulaires de collecte de donn\u00e9es sur le site Web ou par d&rsquo;autres moyens seront incorpor\u00e9es dans un fichier de donn\u00e9es personnelles d\u00fbment enregistr\u00e9 dans le Registre g\u00e9n\u00e9ral de protection des donn\u00e9es de l&rsquo;Agence espagnole de protection des donn\u00e9es, dont il est responsable LE PROPRI\u00c9TAIRE DU WEB. Cette entit\u00e9 traitera les donn\u00e9es de mani\u00e8re confidentielle et exclusivement dans le but d&rsquo;offrir les services demand\u00e9s, avec toutes les garanties juridiques et de s\u00e9curit\u00e9 impos\u00e9es par la loi organique 15\/1999 du 13 d\u00e9cembre sur la protection des donn\u00e9es personnelles, le d\u00e9cret royal 1720\/2007 , du 21 d\u00e9cembre et la loi 34\/2002, du 11 juillet, sur les services de la soci\u00e9t\u00e9 de l&rsquo;information et du commerce \u00e9lectronique.<\/p>\n<p>LE PROPRI\u00c9TAIRE DU WEB s&rsquo;engage \u00e0 ne pas c\u00e9der, vendre ou partager les donn\u00e9es avec des tiers sans votre autorisation expresse.<\/p>\n<p>De m\u00eame, CREEM LLAR, SL annulera ou rectifiera les donn\u00e9es lorsqu&rsquo;elles sont inexactes, incompl\u00e8tes ou ne sont plus n\u00e9cessaires ou pertinentes pour leur finalit\u00e9, conform\u00e9ment aux dispositions de la loi organique 15\/1999 du 13 d\u00e9cembre sur la protection des donn\u00e9es personnelles. personnage.<\/p>\n<p>L&rsquo;utilisateur peut r\u00e9voquer le consentement donn\u00e9 et exercer les droits d&rsquo;acc\u00e8s, de rectification, annulation et opposition en contactant le si\u00e8ge social de CREEM LLAR, SL, situ\u00e9 \u00e0 C. HORTES, 34 &#8211; 17600 FIGUERES &#8211; (GIRONA), en identifiant et en indiquant d\u00fbment le visible forme le droit concret qui est exerc\u00e9.<\/p>\n<p>LE PROPRI\u00c9TAIRE DU WEB adopte les niveaux de s\u00e9curit\u00e9 correspondants requis par la loi organique 15\/1999 susmentionn\u00e9e et d&rsquo;autres r\u00e9glementations applicables. Cependant, il n&rsquo;assume aucune responsabilit\u00e9 pour les dommages d\u00e9riv\u00e9s des alt\u00e9rations que des tiers pourraient causer dans les syst\u00e8mes informatiques, les documents \u00e9lectroniques ou les fichiers de l&rsquo;utilisateur.<\/p>\n<p>LE PROPRI\u00c9TAIRE DU SITE WEB peut utiliser des cookies lors de la fourniture des services du site Web. Les cookies sont des fichiers physiques d&rsquo;informations personnelles h\u00e9berg\u00e9s dans le propre terminal de l&rsquo;utilisateur. L&rsquo;utilisateur a la possibilit\u00e9 de configurer son programme de navigation de mani\u00e8re \u00e0 emp\u00eacher la cr\u00e9ation de fichiers cookies ou \u00e0 en avertir.<\/p>\n<p>Si vous choisissez de quitter notre site Web via des liens vers des sites Web n&rsquo;appartenant pas \u00e0 notre entit\u00e9, LE PROPRI\u00c9TAIRE DU SITE WEB ne sera pas responsable des politiques de confidentialit\u00e9 de ces sites Web ou des cookies qu&rsquo;ils peuvent stocker sur l&rsquo;ordinateur de l&rsquo;utilisateur.<\/p>\n<p>Notre politique concernant le courrier \u00e9lectronique est ax\u00e9e sur l&rsquo;envoi uniquement des communications que vous avez demand\u00e9es de recevoir.<\/p>\n<p>Si vous pr\u00e9f\u00e9rez ne pas recevoir ces messages par courrier \u00e9lectronique, nous vous offrirons \u00e0 travers eux la possibilit\u00e9 d&rsquo;exercer votre droit de r\u00e9tractation et de renoncer \u00e0 la r\u00e9ception de ces messages, conform\u00e9ment aux dispositions du titre III, article 22 de la loi 34\/2002 du Services pour la soci\u00e9t\u00e9 de l&rsquo;information et le commerce \u00e9lectronique.<\/li>\n<\/ol>\n<ol start=\"5\">\n<li>PROC\u00c9DURE EN CAS D&rsquo;EXERCICE D&rsquo;ACTIVIT\u00c9S ILLICITES\n<p>Dans le cas o\u00f9 un utilisateur ou un tiers consid\u00e8re qu&rsquo;il existe des faits ou des circonstances r\u00e9v\u00e9lant le caract\u00e8re ill\u00e9gal de l&rsquo;utilisation de tout contenu et \/ ou de l&rsquo;ex\u00e9cution de toute activit\u00e9 sur les pages Web incluses ou accessibles via le site Web, il doit envoyer un notification au PROPRI\u00c9TAIRE DU SITE, en vous identifiant d\u00fbment, en pr\u00e9cisant les infractions all\u00e9gu\u00e9es et en d\u00e9clarant express\u00e9ment et sous votre responsabilit\u00e9 que les informations fournies dans la notification sont exactes.<\/p>\n<p>Pour toutes les questions litigieuses concernant le site Web du PROPRI\u00c9TAIRE DU SITE WEB, la loi espagnole sera applicable, les Cours et Tribunaux de GIRONA (Espagne) \u00e9tant comp\u00e9tents.<\/p>\n<p>PUBLICATIONS<\/p>\n<p>Les informations administratives fournies via le site Web ne remplacent pas la publicit\u00e9 l\u00e9gale des lois, r\u00e8glements, plans, dispositions g\u00e9n\u00e9rales et actes qui doivent \u00eatre formellement publi\u00e9s dans les journaux officiels des administrations publiques, qui constituent le seul instrument qui atteste de son authenticit\u00e9 et contenu. Les informations disponibles sur ce site Web doivent \u00eatre comprises comme un guide sans but de validit\u00e9 juridique.<\/li>\n<\/ol>\n","protected":false},"excerpt":{"rendered":"<p>AVIS JURIDIQUE OBJET ET ACCEPTATION Cet avis juridique r\u00e9git l&rsquo;utilisation du site Web www.creemllar.com (ci-apr\u00e8s, LE WEB), propri\u00e9t\u00e9 de CREEM LLAR, SL (ci-apr\u00e8s, LE PROPRI\u00c9TAIRE DU WEB). La navigation sur le site Web du PROPRI\u00c9TAIRE DU WEB attribue la condition d&rsquo;utilisateur de celui-ci et implique l&rsquo;acceptation pleine et sans r\u00e9serve de chacune des dispositions incluses [&hellip;]<\/p>\n","protected":false},"author":1,"featured_media":0,"parent":0,"menu_order":0,"comment_status":"closed","ping_status":"closed","template":"","meta":{"footnotes":""},"class_list":["post-226","page","type-page","status-publish","hentry"],"yoast_head":"<!-- This site is optimized with the Yoast SEO plugin v27.4 - https:\/\/yoast.com\/product\/yoast-seo-wordpress\/ -->\n<title>Avis juridique - Creem Llar<\/title>\n<meta name=\"robots\" content=\"index, follow, max-snippet:-1, max-image-preview:large, max-video-preview:-1\" \/>\n<link rel=\"canonical\" href=\"https:\/\/creemllar.com\/fr\/avis-juridique\/\" \/>\n<meta property=\"og:locale\" content=\"fr_FR\" \/>\n<meta property=\"og:type\" content=\"article\" \/>\n<meta property=\"og:title\" content=\"Avis juridique - Creem Llar\" \/>\n<meta property=\"og:description\" content=\"AVIS JURIDIQUE OBJET ET ACCEPTATION Cet avis juridique r\u00e9git l&rsquo;utilisation du site Web www.creemllar.com (ci-apr\u00e8s, LE WEB), propri\u00e9t\u00e9 de CREEM LLAR, SL (ci-apr\u00e8s, LE PROPRI\u00c9TAIRE DU WEB). La navigation sur le site Web du PROPRI\u00c9TAIRE DU WEB attribue la condition d&rsquo;utilisateur de celui-ci et implique l&rsquo;acceptation pleine et sans r\u00e9serve de chacune des dispositions incluses [&hellip;]\" \/>\n<meta property=\"og:url\" content=\"https:\/\/creemllar.com\/fr\/avis-juridique\/\" \/>\n<meta property=\"og:site_name\" content=\"Creem Llar\" \/>\n<meta property=\"article:modified_time\" content=\"2022-01-03T22:52:03+00:00\" \/>\n<meta name=\"twitter:card\" content=\"summary_large_image\" \/>\n<meta name=\"twitter:label1\" content=\"Dur\u00e9e de lecture estim\u00e9e\" \/>\n\t<meta name=\"twitter:data1\" content=\"10 minutes\" \/>\n<script type=\"application\/ld+json\" class=\"yoast-schema-graph\">{\"@context\":\"https:\\\/\\\/schema.org\",\"@graph\":[{\"@type\":\"WebPage\",\"@id\":\"https:\\\/\\\/creemllar.com\\\/fr\\\/avis-juridique\\\/\",\"url\":\"https:\\\/\\\/creemllar.com\\\/fr\\\/avis-juridique\\\/\",\"name\":\"Avis juridique - Creem Llar\",\"isPartOf\":{\"@id\":\"https:\\\/\\\/creemllar.com\\\/fr\\\/#website\"},\"datePublished\":\"2022-01-03T22:48:43+00:00\",\"dateModified\":\"2022-01-03T22:52:03+00:00\",\"breadcrumb\":{\"@id\":\"https:\\\/\\\/creemllar.com\\\/fr\\\/avis-juridique\\\/#breadcrumb\"},\"inLanguage\":\"fr-FR\",\"potentialAction\":[{\"@type\":\"ReadAction\",\"target\":[\"https:\\\/\\\/creemllar.com\\\/fr\\\/avis-juridique\\\/\"]}]},{\"@type\":\"BreadcrumbList\",\"@id\":\"https:\\\/\\\/creemllar.com\\\/fr\\\/avis-juridique\\\/#breadcrumb\",\"itemListElement\":[{\"@type\":\"ListItem\",\"position\":1,\"name\":\"Portada\",\"item\":\"https:\\\/\\\/creemllar.com\\\/fr\\\/accueil\\\/\"},{\"@type\":\"ListItem\",\"position\":2,\"name\":\"Avis juridique\"}]},{\"@type\":\"WebSite\",\"@id\":\"https:\\\/\\\/creemllar.com\\\/fr\\\/#website\",\"url\":\"https:\\\/\\\/creemllar.com\\\/fr\\\/\",\"name\":\"Creem Llar\",\"description\":\"\",\"potentialAction\":[{\"@type\":\"SearchAction\",\"target\":{\"@type\":\"EntryPoint\",\"urlTemplate\":\"https:\\\/\\\/creemllar.com\\\/fr\\\/?s={search_term_string}\"},\"query-input\":{\"@type\":\"PropertyValueSpecification\",\"valueRequired\":true,\"valueName\":\"search_term_string\"}}],\"inLanguage\":\"fr-FR\"}]}<\/script>\n<!-- \/ Yoast SEO plugin. -->","yoast_head_json":{"title":"Avis juridique - Creem Llar","robots":{"index":"index","follow":"follow","max-snippet":"max-snippet:-1","max-image-preview":"max-image-preview:large","max-video-preview":"max-video-preview:-1"},"canonical":"https:\/\/creemllar.com\/fr\/avis-juridique\/","og_locale":"fr_FR","og_type":"article","og_title":"Avis juridique - Creem Llar","og_description":"AVIS JURIDIQUE OBJET ET ACCEPTATION Cet avis juridique r\u00e9git l&rsquo;utilisation du site Web www.creemllar.com (ci-apr\u00e8s, LE WEB), propri\u00e9t\u00e9 de CREEM LLAR, SL (ci-apr\u00e8s, LE PROPRI\u00c9TAIRE DU WEB). La navigation sur le site Web du PROPRI\u00c9TAIRE DU WEB attribue la condition d&rsquo;utilisateur de celui-ci et implique l&rsquo;acceptation pleine et sans r\u00e9serve de chacune des dispositions incluses [&hellip;]","og_url":"https:\/\/creemllar.com\/fr\/avis-juridique\/","og_site_name":"Creem Llar","article_modified_time":"2022-01-03T22:52:03+00:00","twitter_card":"summary_large_image","twitter_misc":{"Dur\u00e9e de lecture estim\u00e9e":"10 minutes"},"schema":{"@context":"https:\/\/schema.org","@graph":[{"@type":"WebPage","@id":"https:\/\/creemllar.com\/fr\/avis-juridique\/","url":"https:\/\/creemllar.com\/fr\/avis-juridique\/","name":"Avis juridique - Creem Llar","isPartOf":{"@id":"https:\/\/creemllar.com\/fr\/#website"},"datePublished":"2022-01-03T22:48:43+00:00","dateModified":"2022-01-03T22:52:03+00:00","breadcrumb":{"@id":"https:\/\/creemllar.com\/fr\/avis-juridique\/#breadcrumb"},"inLanguage":"fr-FR","potentialAction":[{"@type":"ReadAction","target":["https:\/\/creemllar.com\/fr\/avis-juridique\/"]}]},{"@type":"BreadcrumbList","@id":"https:\/\/creemllar.com\/fr\/avis-juridique\/#breadcrumb","itemListElement":[{"@type":"ListItem","position":1,"name":"Portada","item":"https:\/\/creemllar.com\/fr\/accueil\/"},{"@type":"ListItem","position":2,"name":"Avis juridique"}]},{"@type":"WebSite","@id":"https:\/\/creemllar.com\/fr\/#website","url":"https:\/\/creemllar.com\/fr\/","name":"Creem Llar","description":"","potentialAction":[{"@type":"SearchAction","target":{"@type":"EntryPoint","urlTemplate":"https:\/\/creemllar.com\/fr\/?s={search_term_string}"},"query-input":{"@type":"PropertyValueSpecification","valueRequired":true,"valueName":"search_term_string"}}],"inLanguage":"fr-FR"}]}},"_links":{"self":[{"href":"https:\/\/creemllar.com\/fr\/wp-json\/wp\/v2\/pages\/226","targetHints":{"allow":["GET"]}}],"collection":[{"href":"https:\/\/creemllar.com\/fr\/wp-json\/wp\/v2\/pages"}],"about":[{"href":"https:\/\/creemllar.com\/fr\/wp-json\/wp\/v2\/types\/page"}],"author":[{"embeddable":true,"href":"https:\/\/creemllar.com\/fr\/wp-json\/wp\/v2\/users\/1"}],"replies":[{"embeddable":true,"href":"https:\/\/creemllar.com\/fr\/wp-json\/wp\/v2\/comments?post=226"}],"version-history":[{"count":2,"href":"https:\/\/creemllar.com\/fr\/wp-json\/wp\/v2\/pages\/226\/revisions"}],"predecessor-version":[{"id":229,"href":"https:\/\/creemllar.com\/fr\/wp-json\/wp\/v2\/pages\/226\/revisions\/229"}],"wp:attachment":[{"href":"https:\/\/creemllar.com\/fr\/wp-json\/wp\/v2\/media?parent=226"}],"curies":[{"name":"wp","href":"https:\/\/api.w.org\/{rel}","templated":true}]}}