{"id":348,"date":"2021-10-20T16:23:54","date_gmt":"2021-10-20T16:23:54","guid":{"rendered":"https:\/\/creemllar.com\/inici\/"},"modified":"2025-08-29T08:13:41","modified_gmt":"2025-08-29T08:13:41","slug":"accueil","status":"publish","type":"page","link":"https:\/\/creemllar.com\/fr\/","title":{"rendered":"ACCUEIL"},"content":{"rendered":"<div id='full_slider_1'  class='avia-fullwidth-slider main_color avia-shadow   avia-builder-el-0  el_before_av_section  avia-builder-el-first   container_wrap sidebar_right' style=' '  ><div   data-size='featured_large'  data-lightbox_size='large'  data-animation='slide'  data-conditional_play=''  data-ids='560,557'  data-video_counter='0'  data-autoplay='true'  data-bg_slider='false'  data-slide_height=''  data-handle='av_slideshow_full'  data-interval='5'  data-class=' '  data-el_id=''  data-css_id=''  data-scroll_down=''  data-control_layout='av-control-hidden'  data-custom_markup=''  data-perma_caption=''  data-autoplay_stopper=''  data-image_attachment=''  data-min_height='0px'  data-lazy_loading='disabled'  data-src=''  data-position='top left'  data-repeat='no-repeat'  data-attach='scroll'  data-stretch=''  data-default-height='42'  class='avia-slideshow avia-slideshow-1  av-control-hidden av-default-height-applied avia-slideshow-featured_large av_slideshow_full   avia-slide-slider '  itemprop=\"image\" itemscope=\"itemscope\" itemtype=\"https:\/\/schema.org\/ImageObject\" ><ul class='avia-slideshow-inner ' style='padding-bottom: 42%;' ><li  class=' slide-1 ' ><div data-rel='slideshow-1' class='avia-slide-wrap '   ><img decoding=\"async\" class=\"wp-image-561 avia-img-lazy-loading-not-561\"  src=\"https:\/\/creemllar.com\/wp-content\/uploads\/2025\/07\/Creem-Llar-Banyoles-07292025_113321-1500x630.jpg\" width=\"1500\" height=\"630\" title='Creem-Llar-Banyoles-07292025_113321' alt=''  itemprop=\"thumbnailUrl\"   \/><\/div><\/li><li  class=' slide-2 ' ><div data-rel='slideshow-1' class='avia-slide-wrap '   ><img decoding=\"async\" class=\"wp-image-558 avia-img-lazy-loading-not-558\"  src=\"https:\/\/creemllar.com\/wp-content\/uploads\/2025\/07\/Creem-Llar-Banyoles-Kitchen-1500x630.jpg\" width=\"1500\" height=\"630\" title='Creem-Llar-Banyoles-Kitchen' alt=''  itemprop=\"thumbnailUrl\"   \/><\/div><\/li><\/ul><div class='avia-slideshow-arrows avia-slideshow-controls'><a href='#prev' class='prev-slide' aria-hidden='true' data-av_icon='\ue87c' data-av_iconfont='entypo-fontello'>Pr\u00e9c\u00e9dent<\/a><a href='#next' class='next-slide' aria-hidden='true' data-av_icon='\ue87d' data-av_iconfont='entypo-fontello'>Suivant<\/a><\/div><div class='avia-slideshow-dots avia-slideshow-controls'><a href='#1' class='goto-slide active' >1<\/a><a href='#2' class='goto-slide ' >2<\/a><\/div><\/div><\/div>\n<div id='av_section_1'  class='avia-section main_color avia-section-default avia-no-border-styling  avia-bg-style-scroll  avia-builder-el-1  el_after_av_slideshow_full  el_before_av_image   container_wrap sidebar_right' style=' '  ><div class='container' ><div class='template-page content  av-content-small alpha units'><div class='post-entry post-entry-type-page post-entry-348'><div class='entry-content-wrapper clearfix'>\n<section class=\"av_textblock_section \"  itemscope=\"itemscope\" itemtype=\"https:\/\/schema.org\/CreativeWork\" ><div class='avia_textblock  '   itemprop=\"text\" ><h2 class=\"has-text-align-center\" style=\"text-align: center;\">\u00abMalgr\u00e9 la confiance accord\u00e9e \u00e0 un architecte d\u2019int\u00e9rieur, chaque projet appartient uniquement au client\u00bb<\/h2>\n<p class=\"has-text-align-center\" style=\"text-align: center;\">\u00abNous vous encourageons donc \u00e0 d\u00e9couvrir l\u2019exposition que nous avons dans le magasin, avec des meubles pour cuisines et salles de bains, parquet, portes et armoires comme \u00e9l\u00e9ments principaux\u00bb<\/p>\n<\/div><\/section>\n<\/div><\/div><\/div><!-- close content main div --><\/div><\/div><div id='after_section_1'  class='main_color av_default_container_wrap container_wrap sidebar_right' style=' '  ><div class='container' ><div class='template-page content  av-content-small alpha units'><div class='post-entry post-entry-type-page post-entry-348'><div class='entry-content-wrapper clearfix'>\n<div  class='avia-image-container  av-styling-no-styling    avia-builder-el-3  el_after_av_section  el_before_av_one_full  avia-builder-el-first  avia-align-center '  itemprop=\"image\" itemscope=\"itemscope\" itemtype=\"https:\/\/schema.org\/ImageObject\"  ><div class='avia-image-container-inner'><div class='avia-image-overlay-wrap'><img decoding=\"async\" class='wp-image-600 avia-img-lazy-loading-not-600 avia_image' src=\"https:\/\/creemllar.com\/wp-content\/uploads\/2025\/08\/EQUIP-CREEM-1-1-scaled.jpg\" alt='' title='EQUIP CREEM 1' height=\"1707\" width=\"2560\"  itemprop=\"thumbnailUrl\" srcset=\"https:\/\/creemllar.com\/wp-content\/uploads\/2025\/08\/EQUIP-CREEM-1-1-scaled.jpg 2560w, https:\/\/creemllar.com\/wp-content\/uploads\/2025\/08\/EQUIP-CREEM-1-1-300x200.jpg 300w, https:\/\/creemllar.com\/wp-content\/uploads\/2025\/08\/EQUIP-CREEM-1-1-1030x687.jpg 1030w, https:\/\/creemllar.com\/wp-content\/uploads\/2025\/08\/EQUIP-CREEM-1-1-768x512.jpg 768w, https:\/\/creemllar.com\/wp-content\/uploads\/2025\/08\/EQUIP-CREEM-1-1-1536x1024.jpg 1536w, https:\/\/creemllar.com\/wp-content\/uploads\/2025\/08\/EQUIP-CREEM-1-1-2048x1366.jpg 2048w, https:\/\/creemllar.com\/wp-content\/uploads\/2025\/08\/EQUIP-CREEM-1-1-1500x1000.jpg 1500w, https:\/\/creemllar.com\/wp-content\/uploads\/2025\/08\/EQUIP-CREEM-1-1-705x470.jpg 705w\" sizes=\"(max-width: 2560px) 100vw, 2560px\" \/><\/div><\/div><\/div>\n<div class=\"flex_column av_one_full  flex_column_div av-zero-column-padding first  avia-builder-el-4  el_after_av_image  el_before_av_one_full  \" style='border-radius:0px; '><p><div  style=' margin-top:30px; margin-bottom:30px;'  class='hr hr-custom hr-center hr-icon-no   avia-builder-el-5  el_before_av_heading  avia-builder-el-first '><span class='hr-inner  inner-border-av-border-thin' style=' width:150px; border-color:#000000;' ><span class='hr-inner-style'><\/span><\/span><\/div><br \/>\n<div  style='padding-bottom:26px; ' class='av-special-heading av-special-heading-h3  blockquote modern-quote modern-centered  avia-builder-el-6  el_after_av_hr  el_before_av_textblock  '><h3 class='av-special-heading-tag '  itemprop=\"headline\"  >L\u2019\u00e9quipe<\/h3><div class='special-heading-border'><div class='special-heading-inner-border' ><\/div><\/div><\/div><br \/>\n<section class=\"av_textblock_section \"  itemscope=\"itemscope\" itemtype=\"https:\/\/schema.org\/CreativeWork\" ><div class='avia_textblock  '   itemprop=\"text\" ><p style=\"text-align: center;\">Apr\u00e8s une longue carri\u00e8re professionnelle li\u00e9e au monde de la construction, trois entrepreneurs de Figueres, Carles, Xavi et Samuel, d\u00e9cident de mettre tout ce parcours professionnel au service d&rsquo;une id\u00e9e : cr\u00e9er des espaces \u00e0 vivre, cr\u00e9er maison.<\/p>\n<p style=\"text-align: center;\">De cette id\u00e9e, qui unit design d&rsquo;int\u00e9rieur, design et construction, na\u00eet une entreprise jeune et dynamique, capable de concevoir les espaces que les gens veulent et de les ex\u00e9cuter jusque dans les moindres d\u00e9tails.<\/p>\n<p style=\"text-align: center;\">Pour mener \u00e0 bien ce projet, nous nous sommes entour\u00e9s d&rsquo;une grande \u00e9quipe de professionnels qui r\u00e9alisent leur travail dans notre entreprise : architectes d&rsquo;int\u00e9rieur, ma\u00e7ons, agenceurs, plombiers&#8230; qui donnent le meilleur d&rsquo;eux-m\u00eames pour que nos clients r\u00e9alisent vos r\u00eaves.<\/p>\n<\/div><\/section><\/p><\/div>\n<div class=\"flex_column av_one_full  flex_column_div av-zero-column-padding first  avia-builder-el-8  el_after_av_one_full  el_before_av_partner  column-top-margin\" style='border-radius:0px; '><p><div  style=' margin-top:30px; margin-bottom:50px;'  class='hr hr-custom hr-center hr-icon-no   avia-builder-el-9  el_before_av_heading  avia-builder-el-first '><span class='hr-inner  inner-border-av-border-thin' style=' width:150px; border-color:#000000;' ><span class='hr-inner-style'><\/span><\/span><\/div><br \/>\n<div  style='padding-bottom:35px; ' class='av-special-heading av-special-heading-h3  blockquote modern-quote modern-centered  avia-builder-el-10  el_after_av_hr  avia-builder-el-last  '><h3 class='av-special-heading-tag '  itemprop=\"headline\"  >Marques<\/h3><div class='special-heading-border'><div class='special-heading-inner-border' ><\/div><\/div><\/div><\/p><\/div>\n<div   data-autoplay='true'  data-interval='4'  data-animation='slide'  class='avia-logo-element-container av-border-deactivate avia-logo-slider avia-content-slider avia-smallarrow-slider avia-content-slider-active noHover avia-content-slider1 avia-content-slider-even  avia-builder-el-11  el_after_av_one_full  avia-builder-el-last  ' ><div class='avia-smallarrow-slider-heading  no-logo-slider-navigation  no-logo-slider-heading '><\/div><div class='avia-content-slider-inner'><div class='slide-entry-wrap' ><div  class='slide-entry flex_column no_margin post-entry slide-entry-overview slide-loop-1 slide-parity-odd  av_one_fourth first real-thumbnail'><a href='https:\/\/www.smeg.es\/' data-rel='slide-1' class='slide-image' title='' target=\"_blank\" rel=\"noopener\"><span class='av-partner-fake-img' style='padding-bottom:31.666666666667%; background-image:url(https:\/\/creemllar.com\/wp-content\/uploads\/2021\/10\/logo_smeg-300x95.png);'><\/span><\/a><\/div><div  class='slide-entry flex_column no_margin post-entry slide-entry-overview slide-loop-2 slide-parity-even  av_one_fourth  real-thumbnail'><a href='https:\/\/www.pando.es\/' data-rel='slide-1' class='slide-image' title='' target=\"_blank\" rel=\"noopener\"><span class='av-partner-fake-img' style='padding-bottom:31.666666666667%; background-image:url(https:\/\/creemllar.com\/wp-content\/uploads\/2021\/10\/logo_PANDO-1-300x95.jpg);'><\/span><\/a><\/div><div  class='slide-entry flex_column no_margin post-entry slide-entry-overview slide-loop-3 slide-parity-odd  av_one_fourth  real-thumbnail'><a href='https:\/\/yvyra.es\/' data-rel='slide-1' class='slide-image' title='' target=\"_blank\" rel=\"noopener\"><span class='av-partner-fake-img' style='padding-bottom:31.666666666667%; background-image:url(https:\/\/creemllar.com\/wp-content\/uploads\/2021\/10\/logo_YVYRA-300x95.jpg);'><\/span><\/a><\/div><div  class='slide-entry flex_column no_margin post-entry slide-entry-overview slide-loop-4 slide-parity-even  av_one_fourth  real-thumbnail'><a href='https:\/\/www.quick-step.com.es\/es-es' data-rel='slide-1' class='slide-image' title='' target=\"_blank\" rel=\"noopener\"><span class='av-partner-fake-img' style='padding-bottom:31.666666666667%; background-image:url(https:\/\/creemllar.com\/wp-content\/uploads\/2021\/10\/logo_quickstep-300x95.png);'><\/span><\/a><\/div><\/div><div class='slide-entry-wrap' ><div  class='slide-entry flex_column no_margin post-entry slide-entry-overview slide-loop-5 slide-parity-odd  av_one_fourth first real-thumbnail'><a href='https:\/\/www.levantina.com\/es\/' data-rel='slide-1' class='slide-image' title='' target=\"_blank\" rel=\"noopener\"><span class='av-partner-fake-img' style='padding-bottom:31.666666666667%; background-image:url(https:\/\/creemllar.com\/wp-content\/uploads\/2021\/10\/logo_LEVANTINA-300x95.jpg);'><\/span><\/a><\/div><div  class='slide-entry flex_column no_margin post-entry slide-entry-overview slide-loop-6 slide-parity-even  av_one_fourth  real-thumbnail'><a href='https:\/\/www.lapitec.com\/es' data-rel='slide-1' class='slide-image' title='' target=\"_blank\" rel=\"noopener\"><span class='av-partner-fake-img' style='padding-bottom:31.666666666667%; background-image:url(https:\/\/creemllar.com\/wp-content\/uploads\/2021\/10\/logo_LAPITEC-300x95.jpg);'><\/span><\/a><\/div><div  class='slide-entry flex_column no_margin post-entry slide-entry-overview slide-loop-7 slide-parity-odd  av_one_fourth  real-thumbnail'><a href='https:\/\/www.laminam.com\/es\/' data-rel='slide-1' class='slide-image' title='' target=\"_blank\" rel=\"noopener\"><span class='av-partner-fake-img' style='padding-bottom:31.666666666667%; background-image:url(https:\/\/creemllar.com\/wp-content\/uploads\/2021\/10\/logo_LAMINAM-300x95.jpg);'><\/span><\/a><\/div><div  class='slide-entry flex_column no_margin post-entry slide-entry-overview slide-loop-8 slide-parity-even  av_one_fourth  real-thumbnail'><a href='https:\/\/www.swisskrono.pl\/es\/' data-rel='slide-1' class='slide-image' title='' target=\"_blank\" rel=\"noopener\"><span class='av-partner-fake-img' style='padding-bottom:31.666666666667%; background-image:url(https:\/\/creemllar.com\/wp-content\/uploads\/2021\/10\/logo_KRONOSWIS-300x95.jpg);'><\/span><\/a><\/div><\/div><div class='slide-entry-wrap' ><div  class='slide-entry flex_column no_margin post-entry slide-entry-overview slide-loop-9 slide-parity-odd  av_one_fourth first real-thumbnail'><a href='https:\/\/www.kronopolespania.com\/' data-rel='slide-1' class='slide-image' title='' target=\"_blank\" rel=\"noopener\"><span class='av-partner-fake-img' style='padding-bottom:31.666666666667%; background-image:url(https:\/\/creemllar.com\/wp-content\/uploads\/2021\/10\/logo_KRONOPOL-300x95.jpg);'><\/span><\/a><\/div><div  class='slide-entry flex_column no_margin post-entry slide-entry-overview slide-loop-10 slide-parity-even  av_one_fourth  real-thumbnail'><a href='https:\/\/grb.es\/' data-rel='slide-1' class='slide-image' title='' target=\"_blank\" rel=\"noopener\"><span class='av-partner-fake-img' style='padding-bottom:31.666666666667%; background-image:url(https:\/\/creemllar.com\/wp-content\/uploads\/2021\/10\/logo_GRB-300x95.jpg);'><\/span><\/a><\/div><div  class='slide-entry flex_column no_margin post-entry slide-entry-overview slide-loop-11 slide-parity-odd  av_one_fourth  real-thumbnail'><a href='https:\/\/www.falmec.es\/' data-rel='slide-1' class='slide-image' title='' target=\"_blank\" rel=\"noopener\"><span class='av-partner-fake-img' style='padding-bottom:31.666666666667%; background-image:url(https:\/\/creemllar.com\/wp-content\/uploads\/2021\/10\/logo_falmec-300x95.png);'><\/span><\/a><\/div><div  class='slide-entry flex_column no_margin post-entry slide-entry-overview slide-loop-12 slide-parity-even  post-entry-last  av_one_fourth  real-thumbnail'><a href='https:\/\/www.deltacocinas.com\/es\/' data-rel='slide-1' class='slide-image' title='' target=\"_blank\" rel=\"noopener\"><span class='av-partner-fake-img' style='padding-bottom:31.666666666667%; background-image:url(https:\/\/creemllar.com\/wp-content\/uploads\/2021\/10\/logo_deltacocinas-300x95.png);'><\/span><\/a><\/div><\/div><\/div><\/div>\n","protected":false},"excerpt":{"rendered":"","protected":false},"author":1,"featured_media":0,"parent":0,"menu_order":0,"comment_status":"closed","ping_status":"closed","template":"","meta":{"footnotes":""},"class_list":["post-348","page","type-page","status-publish","hentry"],"yoast_head":"<!-- This site is optimized with the Yoast SEO plugin v27.4 - https:\/\/yoast.com\/product\/yoast-seo-wordpress\/ -->\n<title>Creem Llar Figueres | Projets de design d&#039;int\u00e9rieur | R\u00e9formes globales<\/title>\n<meta name=\"description\" content=\"Chez Creem Llar Figueres, nous avons une vaste exp\u00e9rience dans la r\u00e9novation int\u00e9rieure. Nous r\u00e9alisons le projet qui correspond le mieux \u00e0 vos besoins et \u00e0 votre budget\" \/>\n<meta name=\"robots\" content=\"index, follow, max-snippet:-1, max-image-preview:large, max-video-preview:-1\" \/>\n<link rel=\"canonical\" href=\"https:\/\/creemllar.com\/fr\/\" \/>\n<meta property=\"og:locale\" content=\"fr_FR\" \/>\n<meta property=\"og:type\" content=\"article\" \/>\n<meta property=\"og:title\" content=\"Creem Llar Figueres | Projets de design d&#039;int\u00e9rieur | R\u00e9formes globales\" \/>\n<meta property=\"og:description\" content=\"Chez Creem Llar Figueres, nous avons une vaste exp\u00e9rience dans la r\u00e9novation int\u00e9rieure. Nous r\u00e9alisons le projet qui correspond le mieux \u00e0 vos besoins et \u00e0 votre budget\" \/>\n<meta property=\"og:url\" content=\"https:\/\/creemllar.com\/fr\/\" \/>\n<meta property=\"og:site_name\" content=\"Creem Llar\" \/>\n<meta property=\"article:modified_time\" content=\"2025-08-29T08:13:41+00:00\" \/>\n<meta name=\"twitter:card\" content=\"summary_large_image\" \/>\n<meta name=\"twitter:label1\" content=\"Dur\u00e9e de lecture estim\u00e9e\" \/>\n\t<meta name=\"twitter:data1\" content=\"3 minutes\" \/>\n<script type=\"application\/ld+json\" class=\"yoast-schema-graph\">{\"@context\":\"https:\\\/\\\/schema.org\",\"@graph\":[{\"@type\":\"WebPage\",\"@id\":\"https:\\\/\\\/creemllar.com\\\/fr\\\/\",\"url\":\"https:\\\/\\\/creemllar.com\\\/fr\\\/\",\"name\":\"Creem Llar Figueres | Projets de design d'int\u00e9rieur | R\u00e9formes globales\",\"isPartOf\":{\"@id\":\"https:\\\/\\\/creemllar.com\\\/fr\\\/#website\"},\"datePublished\":\"2021-10-20T16:23:54+00:00\",\"dateModified\":\"2025-08-29T08:13:41+00:00\",\"description\":\"Chez Creem Llar Figueres, nous avons une vaste exp\u00e9rience dans la r\u00e9novation int\u00e9rieure. Nous r\u00e9alisons le projet qui correspond le mieux \u00e0 vos besoins et \u00e0 votre budget\",\"breadcrumb\":{\"@id\":\"https:\\\/\\\/creemllar.com\\\/fr\\\/#breadcrumb\"},\"inLanguage\":\"fr-FR\",\"potentialAction\":[{\"@type\":\"ReadAction\",\"target\":[\"https:\\\/\\\/creemllar.com\\\/fr\\\/\"]}]},{\"@type\":\"BreadcrumbList\",\"@id\":\"https:\\\/\\\/creemllar.com\\\/fr\\\/#breadcrumb\",\"itemListElement\":[{\"@type\":\"ListItem\",\"position\":1,\"name\":\"Portada\",\"item\":\"https:\\\/\\\/creemllar.com\\\/fr\\\/accueil\\\/\"},{\"@type\":\"ListItem\",\"position\":2,\"name\":\"ACCUEIL\"}]},{\"@type\":\"WebSite\",\"@id\":\"https:\\\/\\\/creemllar.com\\\/fr\\\/#website\",\"url\":\"https:\\\/\\\/creemllar.com\\\/fr\\\/\",\"name\":\"Creem Llar\",\"description\":\"\",\"potentialAction\":[{\"@type\":\"SearchAction\",\"target\":{\"@type\":\"EntryPoint\",\"urlTemplate\":\"https:\\\/\\\/creemllar.com\\\/fr\\\/?s={search_term_string}\"},\"query-input\":{\"@type\":\"PropertyValueSpecification\",\"valueRequired\":true,\"valueName\":\"search_term_string\"}}],\"inLanguage\":\"fr-FR\"}]}<\/script>\n<!-- \/ Yoast SEO plugin. -->","yoast_head_json":{"title":"Creem Llar Figueres | Projets de design d'int\u00e9rieur | R\u00e9formes globales","description":"Chez Creem Llar Figueres, nous avons une vaste exp\u00e9rience dans la r\u00e9novation int\u00e9rieure. Nous r\u00e9alisons le projet qui correspond le mieux \u00e0 vos besoins et \u00e0 votre budget","robots":{"index":"index","follow":"follow","max-snippet":"max-snippet:-1","max-image-preview":"max-image-preview:large","max-video-preview":"max-video-preview:-1"},"canonical":"https:\/\/creemllar.com\/fr\/","og_locale":"fr_FR","og_type":"article","og_title":"Creem Llar Figueres | Projets de design d'int\u00e9rieur | R\u00e9formes globales","og_description":"Chez Creem Llar Figueres, nous avons une vaste exp\u00e9rience dans la r\u00e9novation int\u00e9rieure. Nous r\u00e9alisons le projet qui correspond le mieux \u00e0 vos besoins et \u00e0 votre budget","og_url":"https:\/\/creemllar.com\/fr\/","og_site_name":"Creem Llar","article_modified_time":"2025-08-29T08:13:41+00:00","twitter_card":"summary_large_image","twitter_misc":{"Dur\u00e9e de lecture estim\u00e9e":"3 minutes"},"schema":{"@context":"https:\/\/schema.org","@graph":[{"@type":"WebPage","@id":"https:\/\/creemllar.com\/fr\/","url":"https:\/\/creemllar.com\/fr\/","name":"Creem Llar Figueres | Projets de design d'int\u00e9rieur | R\u00e9formes globales","isPartOf":{"@id":"https:\/\/creemllar.com\/fr\/#website"},"datePublished":"2021-10-20T16:23:54+00:00","dateModified":"2025-08-29T08:13:41+00:00","description":"Chez Creem Llar Figueres, nous avons une vaste exp\u00e9rience dans la r\u00e9novation int\u00e9rieure. Nous r\u00e9alisons le projet qui correspond le mieux \u00e0 vos besoins et \u00e0 votre budget","breadcrumb":{"@id":"https:\/\/creemllar.com\/fr\/#breadcrumb"},"inLanguage":"fr-FR","potentialAction":[{"@type":"ReadAction","target":["https:\/\/creemllar.com\/fr\/"]}]},{"@type":"BreadcrumbList","@id":"https:\/\/creemllar.com\/fr\/#breadcrumb","itemListElement":[{"@type":"ListItem","position":1,"name":"Portada","item":"https:\/\/creemllar.com\/fr\/accueil\/"},{"@type":"ListItem","position":2,"name":"ACCUEIL"}]},{"@type":"WebSite","@id":"https:\/\/creemllar.com\/fr\/#website","url":"https:\/\/creemllar.com\/fr\/","name":"Creem Llar","description":"","potentialAction":[{"@type":"SearchAction","target":{"@type":"EntryPoint","urlTemplate":"https:\/\/creemllar.com\/fr\/?s={search_term_string}"},"query-input":{"@type":"PropertyValueSpecification","valueRequired":true,"valueName":"search_term_string"}}],"inLanguage":"fr-FR"}]}},"_links":{"self":[{"href":"https:\/\/creemllar.com\/fr\/wp-json\/wp\/v2\/pages\/348","targetHints":{"allow":["GET"]}}],"collection":[{"href":"https:\/\/creemllar.com\/fr\/wp-json\/wp\/v2\/pages"}],"about":[{"href":"https:\/\/creemllar.com\/fr\/wp-json\/wp\/v2\/types\/page"}],"author":[{"embeddable":true,"href":"https:\/\/creemllar.com\/fr\/wp-json\/wp\/v2\/users\/1"}],"replies":[{"embeddable":true,"href":"https:\/\/creemllar.com\/fr\/wp-json\/wp\/v2\/comments?post=348"}],"version-history":[{"count":16,"href":"https:\/\/creemllar.com\/fr\/wp-json\/wp\/v2\/pages\/348\/revisions"}],"predecessor-version":[{"id":607,"href":"https:\/\/creemllar.com\/fr\/wp-json\/wp\/v2\/pages\/348\/revisions\/607"}],"wp:attachment":[{"href":"https:\/\/creemllar.com\/fr\/wp-json\/wp\/v2\/media?parent=348"}],"curies":[{"name":"wp","href":"https:\/\/api.w.org\/{rel}","templated":true}]}}